{"id":83,"date":"2023-12-09T12:02:08","date_gmt":"2023-12-09T11:02:08","guid":{"rendered":"http:\/\/gitedetrasenster.com\/?page_id=83"},"modified":"2023-12-09T13:39:25","modified_gmt":"2023-12-09T12:39:25","slug":"activites","status":"publish","type":"page","link":"https:\/\/gitedetrasenster.com\/index.php\/activites\/","title":{"rendered":"Activit\u00e9s"},"content":{"rendered":"\t\t<div data-elementor-type=\"wp-page\" data-elementor-id=\"83\" class=\"elementor elementor-83\">\n\t\t\t\t\t\t\t<div class=\"has_eae_slider elementor-element elementor-element-5f1c74b e-flex e-con-boxed wpr-particle-no wpr-jarallax-no wpr-parallax-no wpr-sticky-section-no e-con e-parent\" data-id=\"5f1c74b\" data-element_type=\"container\" data-settings=\"{&quot;background_background&quot;:&quot;classic&quot;,&quot;container_type&quot;:&quot;flex&quot;,&quot;content_width&quot;:&quot;boxed&quot;}\" data-core-v316-plus=\"true\">\n\t\t\t\t\t<div class=\"e-con-inner\">\n\t\t\t\t<div class=\"elementor-element elementor-element-68ae4f8 elementor-widget elementor-widget-heading\" data-id=\"68ae4f8\" data-element_type=\"widget\" data-widget_type=\"heading.default\">\n\t\t\t\t<div class=\"elementor-widget-container\">\n\t\t\t<style>\/*! elementor - v3.18.0 - 06-12-2023 *\/\n.elementor-heading-title{padding:0;margin:0;line-height:1}.elementor-widget-heading .elementor-heading-title[class*=elementor-size-]>a{color:inherit;font-size:inherit;line-height:inherit}.elementor-widget-heading .elementor-heading-title.elementor-size-small{font-size:15px}.elementor-widget-heading .elementor-heading-title.elementor-size-medium{font-size:19px}.elementor-widget-heading .elementor-heading-title.elementor-size-large{font-size:29px}.elementor-widget-heading .elementor-heading-title.elementor-size-xl{font-size:39px}.elementor-widget-heading .elementor-heading-title.elementor-size-xxl{font-size:59px}<\/style><h2 class=\"elementor-heading-title elementor-size-default\">Activit\u00e9s<\/h2>\t\t<\/div>\n\t\t\t\t<\/div>\n\t\t\t\t<div class=\"elementor-element elementor-element-f95dcb8 elementor-widget elementor-widget-text-editor\" data-id=\"f95dcb8\" data-element_type=\"widget\" data-widget_type=\"text-editor.default\">\n\t\t\t\t<div class=\"elementor-widget-container\">\n\t\t\t<style>\/*! elementor - v3.18.0 - 06-12-2023 *\/\n.elementor-widget-text-editor.elementor-drop-cap-view-stacked .elementor-drop-cap{background-color:#69727d;color:#fff}.elementor-widget-text-editor.elementor-drop-cap-view-framed .elementor-drop-cap{color:#69727d;border:3px solid;background-color:transparent}.elementor-widget-text-editor:not(.elementor-drop-cap-view-default) .elementor-drop-cap{margin-top:8px}.elementor-widget-text-editor:not(.elementor-drop-cap-view-default) .elementor-drop-cap-letter{width:1em;height:1em}.elementor-widget-text-editor .elementor-drop-cap{float:left;text-align:center;line-height:1;font-size:50px}.elementor-widget-text-editor .elementor-drop-cap-letter{display:inline-block}<\/style>\t\t\t\t<p><span lang=\"fr\">Chemin de randonn\u00e9e en bordure de terrain (de nombreuses balades dans les superbes vall\u00e9es de la Vesdre et de l\u2019Ambl\u00e8ve \u00e0 proximit\u00e9)\u00a0<\/span><\/p><p><span lang=\"fr\">Banneux 3km\u00a0<\/span><\/p><p><span lang=\"fr\">Forestia 8 km\u00a0<\/span><\/p><p><span lang=\"fr\">Ch\u00e2teau de W\u00e9gimont 8 km\u00a0<\/span><\/p><p><span lang=\"fr\">Monde Sauvage d\u2019Aywaille 9 km\u00a0<\/span><\/p><p><span lang=\"fr\">Grottes de Remouchamps 11 km\u00a0<\/span><\/p><p><span lang=\"fr\">Ch\u00e2teau de Franchimont 12 km\u00a0<\/span><\/p><p><span lang=\"fr\">Herve 13 km\u00a0<\/span><\/p><p><span lang=\"fr\">Spa 17 km\u00a0<\/span><\/p><p><span lang=\"fr\">La roche aux Faucons 21 km\u00a0<\/span><\/p><p><span lang=\"fr\">Abbaye du Val Dieu 24 km\u00a0<\/span><\/p><p><span lang=\"fr\">Hautes Fagnes 31 km\u00a0<\/span><\/p><p><span lang=\"fr\">Circuit de Spa-Francorchamps 42 km\u00a0<\/span><\/p><p><span lang=\"fr\">\u00a0<\/span><\/p>\t\t\t\t\t\t<\/div>\n\t\t\t\t<\/div>\n\t\t\t\t<div class=\"elementor-element elementor-element-ad2895e elementor-widget elementor-widget-heading\" data-id=\"ad2895e\" data-element_type=\"widget\" data-widget_type=\"heading.default\">\n\t\t\t\t<div class=\"elementor-widget-container\">\n\t\t\t<h2 class=\"elementor-heading-title elementor-size-default\">Golf<\/h2>\t\t<\/div>\n\t\t\t\t<\/div>\n\t\t\t\t<div class=\"elementor-element elementor-element-4b32e0e elementor-widget elementor-widget-text-editor\" data-id=\"4b32e0e\" data-element_type=\"widget\" data-widget_type=\"text-editor.default\">\n\t\t\t\t<div class=\"elementor-widget-container\">\n\t\t\t\t\t\t\t<p><span lang=\"fr\">Golf du Haras 8 km\u00a0<\/span><\/p><p><span lang=\"fr\">Golf de Li\u00e8ge-Gomz\u00e9 11 km\u00a0<\/span><\/p>\t\t\t\t\t\t<\/div>\n\t\t\t\t<\/div>\n\t\t\t\t\t<\/div>\n\t\t\t\t<\/div>\n\t\t\t\t\t\t\t<\/div>\n\t\t","protected":false},"excerpt":{"rendered":"<p>Activit\u00e9s Chemin de randonn\u00e9e en bordure de terrain (de nombreuses balades dans les superbes vall\u00e9es de la Vesdre et de l\u2019Ambl\u00e8ve \u00e0 proximit\u00e9)\u00a0 Banneux 3km\u00a0 Forestia 8 km\u00a0 Ch\u00e2teau de W\u00e9gimont 8 km\u00a0 Monde Sauvage d\u2019Aywaille 9 km\u00a0 Grottes de Remouchamps 11 km\u00a0 Ch\u00e2teau de Franchimont 12 km\u00a0 Herve 13 km\u00a0 Spa 17 km\u00a0 La&#8230;<\/p>\n","protected":false},"author":3,"featured_media":0,"parent":0,"menu_order":0,"comment_status":"closed","ping_status":"closed","template":"elementor_canvas","meta":{"footnotes":""},"class_list":["post-83","page","type-page","status-publish","hentry"],"_links":{"self":[{"href":"https:\/\/gitedetrasenster.com\/index.php\/wp-json\/wp\/v2\/pages\/83","targetHints":{"allow":["GET"]}}],"collection":[{"href":"https:\/\/gitedetrasenster.com\/index.php\/wp-json\/wp\/v2\/pages"}],"about":[{"href":"https:\/\/gitedetrasenster.com\/index.php\/wp-json\/wp\/v2\/types\/page"}],"author":[{"embeddable":true,"href":"https:\/\/gitedetrasenster.com\/index.php\/wp-json\/wp\/v2\/users\/3"}],"replies":[{"embeddable":true,"href":"https:\/\/gitedetrasenster.com\/index.php\/wp-json\/wp\/v2\/comments?post=83"}],"version-history":[{"count":4,"href":"https:\/\/gitedetrasenster.com\/index.php\/wp-json\/wp\/v2\/pages\/83\/revisions"}],"predecessor-version":[{"id":87,"href":"https:\/\/gitedetrasenster.com\/index.php\/wp-json\/wp\/v2\/pages\/83\/revisions\/87"}],"wp:attachment":[{"href":"https:\/\/gitedetrasenster.com\/index.php\/wp-json\/wp\/v2\/media?parent=83"}],"curies":[{"name":"wp","href":"https:\/\/api.w.org\/{rel}","templated":true}]}}